{"id":32,"date":"2020-10-13T14:39:45","date_gmt":"2020-10-13T12:39:45","guid":{"rendered":"http:\/\/heitgerconsulting:8888\/?page_id=32"},"modified":"2025-02-17T16:39:26","modified_gmt":"2025-02-17T15:39:26","slug":"blog","status":"publish","type":"page","link":"https:\/\/www.heitgerconsulting.com\/en\/medien\/blog\/","title":{"rendered":"Blog"},"content":{"rendered":"<div class=\"wpb-content-wrapper\"><p>[vc_row][vc_column]<section class=\"pageheader cont\">\n        <div class=\"image\">\n            <div class=\"headwrap\" id=\"imagehead\" >\n                                <img decoding=\"async\" src=\"https:\/\/www.heitgerconsulting.com\/wp-content\/uploads\/2024\/12\/heitger-consulting-blog.jpg\" alt=\"Blog\"\/>\n\t\t\t\t\t\t\t\t\t    <\/div>   \n                <\/div>\n                <div class=\"text red\">\n                        <a href=\"https:\/\/www.heitgerconsulting.com\/medien\/\">\n                                <h2>Medien                                <\/h2>\n                         <\/a>\n                                         <\/div>\n\t<\/section>\n<div class=\"welcome \">\n    <div class=\"vc_col-sm-6\">\n         <h1 class=\"abstand linein red\">Blog<\/h1>    <\/div>\n<\/div>\n\n[\/vc_column][\/vc_row][vc_row el_class=&#8221;welcome&#8221;][vc_column width=&#8221;2\/3&#8243;][vc_column_text]Wir setzen uns laufend mit aktuellen Themen, Fragestellungen und Entwicklungen auseinander. Hier finden Sie unsere neuesten Blog-Beitr\u00e4ge zu unseren Schwerpunktthemen Wandel, F\u00fchrung und Agil &amp; Digital.[\/vc_column_text][\/vc_column][vc_column width=&#8221;1\/3&#8243;][\/vc_column][\/vc_row][vc_row][vc_column]<h1>noposts<\/h1>\n\n[\/vc_column][\/vc_row]<\/p>\n<\/div>","protected":false},"excerpt":{"rendered":"<p>[vc_row][vc_column][\/vc_column][\/vc_row][vc_row el_class=&#8221;welcome&#8221;][vc_column width=&#8221;2\/3&#8243;][vc_column_text]Wir setzen uns laufend mit aktuellen Themen, Fragestellungen und Entwicklungen auseinander. Hier finden Sie unsere neuesten Blog-Beitr\u00e4ge zu unseren Schwerpunktthemen Wandel, F\u00fchrung und Agil &amp; Digital.[\/vc_column_text][\/vc_column][vc_column width=&#8221;1\/3&#8243;][\/vc_column][\/vc_row][vc_row][vc_column][\/vc_column][\/vc_row]<\/p>\n","protected":false},"author":1,"featured_media":3520,"parent":30,"menu_order":0,"comment_status":"closed","ping_status":"closed","template":"","meta":{"footnotes":""},"class_list":["post-32","page","type-page","status-publish","has-post-thumbnail","hentry"],"yoast_head":"<!-- This site is optimized with the Yoast SEO plugin v27.3 - https:\/\/yoast.com\/product\/yoast-seo-wordpress\/ -->\n<title>Blog-Beitr\u00e4ge zu unseren Schwerpunktthemen - Heitger Consulting<\/title>\n<meta name=\"description\" content=\"Hier finden Sie unsere neuesten Blog-Beitr\u00e4ge zu unseren Schwerpunktthemen Wandel, F\u00fchrung und Agil &amp; Digital.\" \/>\n<meta name=\"robots\" content=\"index, follow, max-snippet:-1, max-image-preview:large, max-video-preview:-1\" \/>\n<link rel=\"canonical\" href=\"https:\/\/www.heitgerconsulting.com\/en\/medien\/blog\/\" \/>\n<meta property=\"og:locale\" content=\"en_US\" \/>\n<meta property=\"og:type\" content=\"article\" \/>\n<meta property=\"og:title\" content=\"Blog-Beitr\u00e4ge zu unseren Schwerpunktthemen - Heitger Consulting\" \/>\n<meta property=\"og:description\" content=\"Hier finden Sie unsere neuesten Blog-Beitr\u00e4ge zu unseren Schwerpunktthemen Wandel, F\u00fchrung und Agil &amp; Digital.\" \/>\n<meta property=\"og:url\" content=\"https:\/\/www.heitgerconsulting.com\/en\/medien\/blog\/\" \/>\n<meta property=\"og:site_name\" content=\"Heitger Consulting\" \/>\n<meta property=\"article:modified_time\" content=\"2025-02-17T15:39:26+00:00\" \/>\n<meta property=\"og:image\" content=\"https:\/\/www.heitgerconsulting.com\/wp-content\/uploads\/2024\/12\/heitger-consulting-blog.jpg\" \/>\n\t<meta property=\"og:image:width\" content=\"1600\" \/>\n\t<meta property=\"og:image:height\" content=\"750\" \/>\n\t<meta property=\"og:image:type\" content=\"image\/jpeg\" \/>\n<meta name=\"twitter:card\" content=\"summary_large_image\" \/>\n<meta name=\"twitter:label1\" content=\"Est. reading time\" \/>\n\t<meta name=\"twitter:data1\" content=\"1 minute\" \/>\n<script type=\"application\/ld+json\" class=\"yoast-schema-graph\">{\"@context\":\"https:\\\/\\\/schema.org\",\"@graph\":[{\"@type\":\"WebPage\",\"@id\":\"https:\\\/\\\/www.heitgerconsulting.com\\\/en\\\/medien\\\/blog\\\/\",\"url\":\"https:\\\/\\\/www.heitgerconsulting.com\\\/en\\\/medien\\\/blog\\\/\",\"name\":\"Blog-Beitr\u00e4ge zu unseren Schwerpunktthemen - Heitger Consulting\",\"isPartOf\":{\"@id\":\"https:\\\/\\\/www.heitgerconsulting.com\\\/en\\\/#website\"},\"primaryImageOfPage\":{\"@id\":\"https:\\\/\\\/www.heitgerconsulting.com\\\/en\\\/medien\\\/blog\\\/#primaryimage\"},\"image\":{\"@id\":\"https:\\\/\\\/www.heitgerconsulting.com\\\/en\\\/medien\\\/blog\\\/#primaryimage\"},\"thumbnailUrl\":\"https:\\\/\\\/www.heitgerconsulting.com\\\/wp-content\\\/uploads\\\/2024\\\/12\\\/heitger-consulting-blog.jpg\",\"datePublished\":\"2020-10-13T12:39:45+00:00\",\"dateModified\":\"2025-02-17T15:39:26+00:00\",\"description\":\"Hier finden Sie unsere neuesten Blog-Beitr\u00e4ge zu unseren Schwerpunktthemen Wandel, F\u00fchrung und Agil & Digital.\",\"breadcrumb\":{\"@id\":\"https:\\\/\\\/www.heitgerconsulting.com\\\/en\\\/medien\\\/blog\\\/#breadcrumb\"},\"inLanguage\":\"en-US\",\"potentialAction\":[{\"@type\":\"ReadAction\",\"target\":[\"https:\\\/\\\/www.heitgerconsulting.com\\\/en\\\/medien\\\/blog\\\/\"]}]},{\"@type\":\"ImageObject\",\"inLanguage\":\"en-US\",\"@id\":\"https:\\\/\\\/www.heitgerconsulting.com\\\/en\\\/medien\\\/blog\\\/#primaryimage\",\"url\":\"https:\\\/\\\/www.heitgerconsulting.com\\\/wp-content\\\/uploads\\\/2024\\\/12\\\/heitger-consulting-blog.jpg\",\"contentUrl\":\"https:\\\/\\\/www.heitgerconsulting.com\\\/wp-content\\\/uploads\\\/2024\\\/12\\\/heitger-consulting-blog.jpg\",\"width\":1600,\"height\":750},{\"@type\":\"BreadcrumbList\",\"@id\":\"https:\\\/\\\/www.heitgerconsulting.com\\\/en\\\/medien\\\/blog\\\/#breadcrumb\",\"itemListElement\":[{\"@type\":\"ListItem\",\"position\":1,\"name\":\"Startseite\",\"item\":\"https:\\\/\\\/www.heitgerconsulting.com\\\/en\\\/\"},{\"@type\":\"ListItem\",\"position\":2,\"name\":\"Medien\",\"item\":\"https:\\\/\\\/www.heitgerconsulting.com\\\/en\\\/medien\\\/\"},{\"@type\":\"ListItem\",\"position\":3,\"name\":\"Blog\"}]},{\"@type\":\"WebSite\",\"@id\":\"https:\\\/\\\/www.heitgerconsulting.com\\\/en\\\/#website\",\"url\":\"https:\\\/\\\/www.heitgerconsulting.com\\\/en\\\/\",\"name\":\"Heitger Consulting\",\"description\":\"\",\"publisher\":{\"@id\":\"https:\\\/\\\/www.heitgerconsulting.com\\\/en\\\/#organization\"},\"potentialAction\":[{\"@type\":\"SearchAction\",\"target\":{\"@type\":\"EntryPoint\",\"urlTemplate\":\"https:\\\/\\\/www.heitgerconsulting.com\\\/en\\\/?s={search_term_string}\"},\"query-input\":{\"@type\":\"PropertyValueSpecification\",\"valueRequired\":true,\"valueName\":\"search_term_string\"}}],\"inLanguage\":\"en-US\"},{\"@type\":\"Organization\",\"@id\":\"https:\\\/\\\/www.heitgerconsulting.com\\\/en\\\/#organization\",\"name\":\"Heitger Consulting by KPMG\",\"url\":\"https:\\\/\\\/www.heitgerconsulting.com\\\/en\\\/\",\"logo\":{\"@type\":\"ImageObject\",\"inLanguage\":\"en-US\",\"@id\":\"https:\\\/\\\/www.heitgerconsulting.com\\\/en\\\/#\\\/schema\\\/logo\\\/image\\\/\",\"url\":\"https:\\\/\\\/www.heitgerconsulting.com\\\/wp-content\\\/uploads\\\/2020\\\/11\\\/apple-icon-touch.png\",\"contentUrl\":\"https:\\\/\\\/www.heitgerconsulting.com\\\/wp-content\\\/uploads\\\/2020\\\/11\\\/apple-icon-touch.png\",\"width\":129,\"height\":129,\"caption\":\"Heitger Consulting by KPMG\"},\"image\":{\"@id\":\"https:\\\/\\\/www.heitgerconsulting.com\\\/en\\\/#\\\/schema\\\/logo\\\/image\\\/\"}}]}<\/script>\n<!-- \/ Yoast SEO plugin. -->","yoast_head_json":{"title":"Blog-Beitr\u00e4ge zu unseren Schwerpunktthemen - Heitger Consulting","description":"Hier finden Sie unsere neuesten Blog-Beitr\u00e4ge zu unseren Schwerpunktthemen Wandel, F\u00fchrung und Agil & Digital.","robots":{"index":"index","follow":"follow","max-snippet":"max-snippet:-1","max-image-preview":"max-image-preview:large","max-video-preview":"max-video-preview:-1"},"canonical":"https:\/\/www.heitgerconsulting.com\/en\/medien\/blog\/","og_locale":"en_US","og_type":"article","og_title":"Blog-Beitr\u00e4ge zu unseren Schwerpunktthemen - Heitger Consulting","og_description":"Hier finden Sie unsere neuesten Blog-Beitr\u00e4ge zu unseren Schwerpunktthemen Wandel, F\u00fchrung und Agil & Digital.","og_url":"https:\/\/www.heitgerconsulting.com\/en\/medien\/blog\/","og_site_name":"Heitger Consulting","article_modified_time":"2025-02-17T15:39:26+00:00","og_image":[{"width":1600,"height":750,"url":"https:\/\/www.heitgerconsulting.com\/wp-content\/uploads\/2024\/12\/heitger-consulting-blog.jpg","type":"image\/jpeg"}],"twitter_card":"summary_large_image","twitter_misc":{"Est. reading time":"1 minute"},"schema":{"@context":"https:\/\/schema.org","@graph":[{"@type":"WebPage","@id":"https:\/\/www.heitgerconsulting.com\/en\/medien\/blog\/","url":"https:\/\/www.heitgerconsulting.com\/en\/medien\/blog\/","name":"Blog-Beitr\u00e4ge zu unseren Schwerpunktthemen - Heitger Consulting","isPartOf":{"@id":"https:\/\/www.heitgerconsulting.com\/en\/#website"},"primaryImageOfPage":{"@id":"https:\/\/www.heitgerconsulting.com\/en\/medien\/blog\/#primaryimage"},"image":{"@id":"https:\/\/www.heitgerconsulting.com\/en\/medien\/blog\/#primaryimage"},"thumbnailUrl":"https:\/\/www.heitgerconsulting.com\/wp-content\/uploads\/2024\/12\/heitger-consulting-blog.jpg","datePublished":"2020-10-13T12:39:45+00:00","dateModified":"2025-02-17T15:39:26+00:00","description":"Hier finden Sie unsere neuesten Blog-Beitr\u00e4ge zu unseren Schwerpunktthemen Wandel, F\u00fchrung und Agil & Digital.","breadcrumb":{"@id":"https:\/\/www.heitgerconsulting.com\/en\/medien\/blog\/#breadcrumb"},"inLanguage":"en-US","potentialAction":[{"@type":"ReadAction","target":["https:\/\/www.heitgerconsulting.com\/en\/medien\/blog\/"]}]},{"@type":"ImageObject","inLanguage":"en-US","@id":"https:\/\/www.heitgerconsulting.com\/en\/medien\/blog\/#primaryimage","url":"https:\/\/www.heitgerconsulting.com\/wp-content\/uploads\/2024\/12\/heitger-consulting-blog.jpg","contentUrl":"https:\/\/www.heitgerconsulting.com\/wp-content\/uploads\/2024\/12\/heitger-consulting-blog.jpg","width":1600,"height":750},{"@type":"BreadcrumbList","@id":"https:\/\/www.heitgerconsulting.com\/en\/medien\/blog\/#breadcrumb","itemListElement":[{"@type":"ListItem","position":1,"name":"Startseite","item":"https:\/\/www.heitgerconsulting.com\/en\/"},{"@type":"ListItem","position":2,"name":"Medien","item":"https:\/\/www.heitgerconsulting.com\/en\/medien\/"},{"@type":"ListItem","position":3,"name":"Blog"}]},{"@type":"WebSite","@id":"https:\/\/www.heitgerconsulting.com\/en\/#website","url":"https:\/\/www.heitgerconsulting.com\/en\/","name":"Heitger Consulting","description":"","publisher":{"@id":"https:\/\/www.heitgerconsulting.com\/en\/#organization"},"potentialAction":[{"@type":"SearchAction","target":{"@type":"EntryPoint","urlTemplate":"https:\/\/www.heitgerconsulting.com\/en\/?s={search_term_string}"},"query-input":{"@type":"PropertyValueSpecification","valueRequired":true,"valueName":"search_term_string"}}],"inLanguage":"en-US"},{"@type":"Organization","@id":"https:\/\/www.heitgerconsulting.com\/en\/#organization","name":"Heitger Consulting by KPMG","url":"https:\/\/www.heitgerconsulting.com\/en\/","logo":{"@type":"ImageObject","inLanguage":"en-US","@id":"https:\/\/www.heitgerconsulting.com\/en\/#\/schema\/logo\/image\/","url":"https:\/\/www.heitgerconsulting.com\/wp-content\/uploads\/2020\/11\/apple-icon-touch.png","contentUrl":"https:\/\/www.heitgerconsulting.com\/wp-content\/uploads\/2020\/11\/apple-icon-touch.png","width":129,"height":129,"caption":"Heitger Consulting by KPMG"},"image":{"@id":"https:\/\/www.heitgerconsulting.com\/en\/#\/schema\/logo\/image\/"}}]}},"_links":{"self":[{"href":"https:\/\/www.heitgerconsulting.com\/en\/wp-json\/wp\/v2\/pages\/32","targetHints":{"allow":["GET"]}}],"collection":[{"href":"https:\/\/www.heitgerconsulting.com\/en\/wp-json\/wp\/v2\/pages"}],"about":[{"href":"https:\/\/www.heitgerconsulting.com\/en\/wp-json\/wp\/v2\/types\/page"}],"author":[{"embeddable":true,"href":"https:\/\/www.heitgerconsulting.com\/en\/wp-json\/wp\/v2\/users\/1"}],"replies":[{"embeddable":true,"href":"https:\/\/www.heitgerconsulting.com\/en\/wp-json\/wp\/v2\/comments?post=32"}],"version-history":[{"count":10,"href":"https:\/\/www.heitgerconsulting.com\/en\/wp-json\/wp\/v2\/pages\/32\/revisions"}],"predecessor-version":[{"id":3469,"href":"https:\/\/www.heitgerconsulting.com\/en\/wp-json\/wp\/v2\/pages\/32\/revisions\/3469"}],"up":[{"embeddable":true,"href":"https:\/\/www.heitgerconsulting.com\/en\/wp-json\/wp\/v2\/pages\/30"}],"wp:featuredmedia":[{"embeddable":true,"href":"https:\/\/www.heitgerconsulting.com\/en\/wp-json\/wp\/v2\/media\/3520"}],"wp:attachment":[{"href":"https:\/\/www.heitgerconsulting.com\/en\/wp-json\/wp\/v2\/media?parent=32"}],"curies":[{"name":"wp","href":"https:\/\/api.w.org\/{rel}","templated":true}]}}